{"id":946,"date":"2022-04-05T11:12:58","date_gmt":"2022-04-05T09:12:58","guid":{"rendered":"https:\/\/produit-structure.com\/?page_id=946"},"modified":"2022-06-01T10:17:46","modified_gmt":"2022-06-01T08:17:46","slug":"cgu","status":"publish","type":"page","link":"https:\/\/placement-residence-etudiante.com\/index.php\/cgu\/","title":{"rendered":"CGU"},"content":{"rendered":"\t\t<div data-elementor-type=\"wp-page\" data-elementor-id=\"946\" class=\"elementor elementor-946\">\n\t\t\t\t\t\t\t\t\t<section class=\"elementor-section elementor-top-section elementor-element elementor-element-55afaff elementor-section-boxed elementor-section-height-default elementor-section-height-default\" data-id=\"55afaff\" data-element_type=\"section\">\n\t\t\t\t\t\t<div class=\"elementor-container elementor-column-gap-default\">\n\t\t\t\t\t<div class=\"elementor-column elementor-col-100 elementor-top-column elementor-element elementor-element-045388f\" data-id=\"045388f\" data-element_type=\"column\">\n\t\t\t<div class=\"elementor-widget-wrap elementor-element-populated\">\n\t\t\t\t\t\t\t\t<div class=\"elementor-element elementor-element-7804d91 elementor-widget elementor-widget-text-editor\" data-id=\"7804d91\" data-element_type=\"widget\" data-widget_type=\"text-editor.default\">\n\t\t\t\t<div class=\"elementor-widget-container\">\n\t\t\t<style>\/*! elementor - v3.9.2 - 21-12-2022 *\/\n.elementor-widget-text-editor.elementor-drop-cap-view-stacked .elementor-drop-cap{background-color:#818a91;color:#fff}.elementor-widget-text-editor.elementor-drop-cap-view-framed .elementor-drop-cap{color:#818a91;border:3px solid;background-color:transparent}.elementor-widget-text-editor:not(.elementor-drop-cap-view-default) .elementor-drop-cap{margin-top:8px}.elementor-widget-text-editor:not(.elementor-drop-cap-view-default) .elementor-drop-cap-letter{width:1em;height:1em}.elementor-widget-text-editor .elementor-drop-cap{float:left;text-align:center;line-height:1;font-size:50px}.elementor-widget-text-editor .elementor-drop-cap-letter{display:inline-block}<\/style>\t\t\t\t<p><strong><u>CONDITIONS G\u00c9N\u00c9RALES<\/u><\/strong><\/p><p>Les pr\u00e9sentes conditions g\u00e9n\u00e9rales r\u00e9gissent l\u2019utilisation de ce site\u00a0<em>invest-responsable.com<\/em>.<br \/>Ce site appartient et est g\u00e9r\u00e9 par\u00a0Nice sheep LTD<\/p><p>\u00a0En utilisant ce site, vous indiquez que vous avez lu et compris les conditions d\u2019utilisation et que vous acceptez de les respecter en tout temps.<\/p><p>Type de site : vitrine<\/p><p><strong><u>Propri\u00e9t\u00e9 intellectuelle<\/u><\/strong><\/p><p>Tout contenu publi\u00e9 et mis \u00e0 disposition sur ce site est la propri\u00e9t\u00e9 de\u00a0Nice sheep LTD\u00a0et de ses cr\u00e9ateurs. Cela comprend, mais n\u2019est pas limit\u00e9 aux images, textes, logos, documents, fichiers t\u00e9l\u00e9chargeables et tout ce qui contribue \u00e0 la composition de ce site.<\/p><p><strong><u>Restrictions d&#8217;\u00e2ge<\/u><\/strong><\/p><p>L\u2019\u00e2ge minimum pour utiliser ce site est de 0 ans. Les utilisateurs conviennent qu\u2019en utilisant notre site, ils ont plus de 0 ans. Nous n\u2019assumons aucune responsabilit\u00e9 juridique pour les fausses d\u00e9clarations sur l\u2019\u00e2ge.<strong><u>Comptes<\/u><\/strong><\/p><p>Lorsque vous cr\u00e9ez un compte sur notre site, vous acceptez ce qui suit :<\/p><ol><li>que vous \u00eates seul responsable de votre compte et de la s\u00e9curit\u00e9 et la confidentialit\u00e9 de votre compte, y compris les mots de passe ou les renseignements de nature d\u00e9licate joints \u00e0 ce compte, et<\/li><\/ol><ol><li>que tous les renseignements personnels que vous nous fournissez par l\u2019entremise de votre compte sont \u00e0 jour, exacts et v\u00e9ridiques et que vous mettrez \u00e0 jour vos renseignements personnels s\u2019ils changent.<\/li><\/ol><p>Nous nous r\u00e9servons le droit de suspendre ou de r\u00e9silier votre compte si vous utilisez notre site ill\u00e9galement ou si vous violez les conditions d\u2019utilisation acceptable.<\/p><p><strong><u>\u00a0<\/u><\/strong><\/p><p><strong><u>Limitation de responsabilit\u00e9<\/u><\/strong><\/p><p>Nice sheep LTD\u00a0sera tenu responsable de tout probl\u00e8me d\u00e9coulant de ce site. N\u00e9anmoins,\u00a0Nice sheep LTD\u00a0pas tenus responsables de tout probl\u00e8me d\u00e9coulant de toute utilisation irr\u00e9guli\u00e8re de ce site.<\/p><p><strong><u>Indemnit\u00e9<\/u><\/strong><\/p><p>En tant qu\u2019utilisateur, vous indemnisez par les pr\u00e9sentes\u00a0Nice sheep LTD\u00a0de toute responsabilit\u00e9, de tout co\u00fbt, de toute cause d\u2019action, de tout dommage ou de toute d\u00e9pense d\u00e9coulant de votre utilisation de ce site ou de votre violation de l\u2019une des dispositions \u00e9nonc\u00e9es dans le pr\u00e9sent document.<\/p><p><strong><u>Lois applicables<\/u><\/strong><\/p><p>Ce document est soumis aux lois applicables en France et vise \u00e0 se conformer \u00e0 ses r\u00e8gles et r\u00e8glements n\u00e9cessaires. Cela inclut la r\u00e9glementation \u00e0 l\u2019\u00e9chelle de l\u2019UE \u00e9nonc\u00e9e dans le RGPD.<\/p><p><strong><u>Divisibilit\u00e9<\/u><\/strong><\/p><p>Si, \u00e0 tout moment, l\u2019une des dispositions \u00e9nonc\u00e9es dans le pr\u00e9sent document est jug\u00e9e incompatible ou invalide en vertu des lois applicables, ces dispositions seront consid\u00e9r\u00e9es comme nulles et seront retir\u00e9es du pr\u00e9sent document. Toutes les autres dispositions ne seront pas touch\u00e9es par les lois et le reste du document sera toujours consid\u00e9r\u00e9 comme valide.<\/p><p><strong><u>Modifications<\/u><\/strong><\/p><p>Ces conditions g\u00e9n\u00e9rales peuvent \u00eatre modifi\u00e9es de temps \u00e0 autre afin de maintenir le respect de la loi et de refl\u00e9ter tout changement \u00e0 la fa\u00e7on dont nous g\u00e9rons notre site et la fa\u00e7on dont nous nous attendons \u00e0 ce que les utilisateurs se comportent sur notre site. Nous recommandons \u00e0 nos utilisateurs de v\u00e9rifier ces conditions g\u00e9n\u00e9rales de temps \u00e0 autre pour s\u2019assurer qu\u2019ils sont inform\u00e9s de toute mise \u00e0 jour. Au besoin, nous informerons les utilisateurs par courriel des changements apport\u00e9s \u00e0 ces conditions ou nous afficherons un avis sur notre site.<\/p><p><strong><u>Contact<\/u><\/strong><\/p><p>Veuillez communiquer avec nous si vous avez des questions ou des pr\u00e9occupations.\u00a0<\/p><p><em>Date d&#8217;entr\u00e9e en vigueur :\u00a0<\/em>le 21 f\u00e9vrier 2022.<\/p>\t\t\t\t\t\t<\/div>\n\t\t\t\t<\/div>\n\t\t\t\t\t<\/div>\n\t\t<\/div>\n\t\t\t\t\t\t\t<\/div>\n\t\t<\/section>\n\t\t\t\t\t\t\t<\/div>\n\t\t","protected":false},"excerpt":{"rendered":"<p>CONDITIONS G\u00c9N\u00c9RALES Les pr\u00e9sentes conditions g\u00e9n\u00e9rales r\u00e9gissent l\u2019utilisation de ce site&nbsp;invest-responsable.com. Ce site appartient et est g\u00e9r\u00e9 par&nbsp;Nice sheep LTD &nbsp;En utilisant ce site, vous indiquez que vous avez lu et compris les conditions d\u2019utilisation et que vous acceptez de les respecter en tout temps. Type de site : vitrine Propri\u00e9t\u00e9 intellectuelle Tout contenu publi\u00e9 [&hellip;]<\/p>\n","protected":false},"author":1,"featured_media":0,"parent":0,"menu_order":0,"comment_status":"closed","ping_status":"closed","template":"elementor_header_footer","meta":{"om_disable_all_campaigns":false,"_mi_skip_tracking":false,"footnotes":""},"_links":{"self":[{"href":"https:\/\/placement-residence-etudiante.com\/index.php\/wp-json\/wp\/v2\/pages\/946"}],"collection":[{"href":"https:\/\/placement-residence-etudiante.com\/index.php\/wp-json\/wp\/v2\/pages"}],"about":[{"href":"https:\/\/placement-residence-etudiante.com\/index.php\/wp-json\/wp\/v2\/types\/page"}],"author":[{"embeddable":true,"href":"https:\/\/placement-residence-etudiante.com\/index.php\/wp-json\/wp\/v2\/users\/1"}],"replies":[{"embeddable":true,"href":"https:\/\/placement-residence-etudiante.com\/index.php\/wp-json\/wp\/v2\/comments?post=946"}],"version-history":[{"count":1,"href":"https:\/\/placement-residence-etudiante.com\/index.php\/wp-json\/wp\/v2\/pages\/946\/revisions"}],"predecessor-version":[{"id":1817,"href":"https:\/\/placement-residence-etudiante.com\/index.php\/wp-json\/wp\/v2\/pages\/946\/revisions\/1817"}],"wp:attachment":[{"href":"https:\/\/placement-residence-etudiante.com\/index.php\/wp-json\/wp\/v2\/media?parent=946"}],"curies":[{"name":"wp","href":"https:\/\/api.w.org\/{rel}","templated":true}]}}